{"id":4963,"date":"2026-02-26T16:01:29","date_gmt":"2026-02-26T15:01:29","guid":{"rendered":"https:\/\/urbanmobilitysystems.nl\/?page_id=4963"},"modified":"2026-02-26T17:30:13","modified_gmt":"2026-02-26T16:30:13","slug":"cookie-richtlinie","status":"publish","type":"page","link":"https:\/\/urbanmobilitysystems.nl\/de\/cookie-policy\/","title":{"rendered":"Cookie-Richtlinie"},"content":{"rendered":"<ol class=\"wp-block-list\">\n<li>Was sind Cookies?<br>Cookies sind kleine Textdateien, die auf Ihrem Ger\u00e4t gespeichert werden, wenn Sie eine Website besuchen. Cookies unterst\u00fctzen die ordnungsgem\u00e4\u00dfe Funktion von Websites, verbessern die Benutzerfreundlichkeit und liefern Informationen f\u00fcr die Eigent\u00fcmer der Website.<\/li>\n\n\n\n<li>Auf dieser Website verwendete Cookies<br>Wir verwenden ein Zustimmungsbanner, um Sie nach Ihren Pr\u00e4ferenzen f\u00fcr nicht unbedingt erforderliche Cookies (wie Statistik- und Marketing-Cookies) zu fragen. Streng notwendige Cookies k\u00f6nnen ohne Zustimmung gesetzt werden, da sie f\u00fcr das Funktionieren der Website erforderlich sind.<\/li>\n\n\n\n<li>Cookie-Erkl\u00e4rung (Cookie-Liste)<br>Nachstehend finden Sie die Cookie-Erkl\u00e4rung f\u00fcr diese Website, einschlie\u00dflich der erkannten Cookies und Tracker und Ihres aktuellen Zustimmungsstatus.<\/li>\n<\/ol>\n\n\n\n<p><\/p>\n\n\n\n<p><\/p>\n\n\n\n<script\n\t\ttype=\"text\/javascript\"\n\t\tid=\"CookieDeclaration\"\n\t\tsrc=\"https:\/\/consent.cookiebot.com\/fbd41a21-67b5-4ef3-922f-591f94017032\/cd.js\"\n\t\t\tdata-culture=\"DE\"\n\t\t><\/script>\n\n\n\n\n<ol start=\"4\" class=\"wp-block-list\">\n<li>Zustimmung \u00e4ndern oder widerrufen<br>Sie k\u00f6nnen Ihre Zustimmung jederzeit \u00fcber die obige Cookie-Erkl\u00e4rung (oder \u00fcber die Cookie-Einstellungsoption auf der Website, falls vorhanden) \u00e4ndern oder widerrufen.<\/li>\n\n\n\n<li>Kontakt<br>Wenn Sie Fragen zu unserer Cookie-Richtlinie haben, wenden Sie sich bitte an uns:<br>Urban Mobility Systems B.V.<br>Galli\u00ebrsweg 16-18, 5349 AT Oss, Die Niederlande<br>E-Mail: info@urbanmobilitysystems.nl<br>Telefon: +31 (0)85 130 0090<\/li>\n<\/ol>\n\n\n\n<p>Zuletzt aktualisiert: 17. Februar 2026<\/p>\n\n\n\n<p><\/p>","protected":false},"excerpt":{"rendered":"<p>Zuletzt aktualisiert: 17. Februar 2026<\/p>","protected":false},"author":1,"featured_media":0,"parent":0,"menu_order":0,"comment_status":"closed","ping_status":"closed","template":"","meta":{"footnotes":""},"class_list":["post-4963","page","type-page","status-publish","hentry"],"_links":{"self":[{"href":"https:\/\/urbanmobilitysystems.nl\/de\/wp-json\/wp\/v2\/pages\/4963","targetHints":{"allow":["GET"]}}],"collection":[{"href":"https:\/\/urbanmobilitysystems.nl\/de\/wp-json\/wp\/v2\/pages"}],"about":[{"href":"https:\/\/urbanmobilitysystems.nl\/de\/wp-json\/wp\/v2\/types\/page"}],"author":[{"embeddable":true,"href":"https:\/\/urbanmobilitysystems.nl\/de\/wp-json\/wp\/v2\/users\/1"}],"replies":[{"embeddable":true,"href":"https:\/\/urbanmobilitysystems.nl\/de\/wp-json\/wp\/v2\/comments?post=4963"}],"version-history":[{"count":5,"href":"https:\/\/urbanmobilitysystems.nl\/de\/wp-json\/wp\/v2\/pages\/4963\/revisions"}],"predecessor-version":[{"id":4974,"href":"https:\/\/urbanmobilitysystems.nl\/de\/wp-json\/wp\/v2\/pages\/4963\/revisions\/4974"}],"wp:attachment":[{"href":"https:\/\/urbanmobilitysystems.nl\/de\/wp-json\/wp\/v2\/media?parent=4963"}],"curies":[{"name":"wp","href":"https:\/\/api.w.org\/{rel}","templated":true}]}}