{"id":3726,"date":"2025-02-07T08:14:37","date_gmt":"2025-02-07T07:14:37","guid":{"rendered":"https:\/\/dev41.otrmedia.nl\/?page_id=3726"},"modified":"2026-02-26T16:03:12","modified_gmt":"2026-02-26T15:03:12","slug":"haftungsausschluss","status":"publish","type":"page","link":"https:\/\/urbanmobilitysystems.nl\/de\/disclaimer\/","title":{"rendered":"Haftungsausschluss"},"content":{"rendered":"<p>Markenzeichen<br>Alle auf dieser Website gezeigten Warenzeichen, Logos und Markennamen sind das Eigentum ihrer jeweiligen Inhaber. Der Name und das Logo von UMS sind Warenzeichen von Urban Mobility Systems B.V., sofern nicht anders angegeben.<\/p>\n\n\n\n<p>Urheberrecht<br>Alle Rechte vorbehalten. Informationen, Dokumente, Bilder und andere Materialien, die auf dieser Website ver\u00f6ffentlicht werden, einschlie\u00dflich des Designs der Website selbst, sind Eigentum der Urban Mobility Systems B.V. oder ihrer Lizenzgeber, sofern nicht anders angegeben.<br>Jegliche Vervielf\u00e4ltigung, Verbreitung oder sonstige Nutzung ist ohne vorherige schriftliche Genehmigung untersagt, es sei denn, dies ist nach geltendem Recht zul\u00e4ssig.<\/p>\n\n\n\n<p>Haftung<br>Urban Mobility Systems B.V. hat die Informationen auf dieser Website mit gro\u00dfer Sorgfalt zusammengestellt und bem\u00fcht sich, sie auf dem neuesten Stand zu halten. Urban Mobility Systems B.V. \u00fcbernimmt jedoch keine Haftung f\u00fcr die Richtigkeit, Vollst\u00e4ndigkeit oder Aktualit\u00e4t der auf dieser Website ver\u00f6ffentlichten Informationen, es sei denn, die Haftung kann nach geltendem Recht nicht ausgeschlossen werden.<\/p>\n\n\n\n<p>Externe Links<br>Diese Website kann Links zu externen Websites enthalten. F\u00fcr den Inhalt der verlinkten Seiten sind ausschlie\u00dflich deren Betreiber verantwortlich. Urban Mobility Systems B.V. \u00fcbernimmt keine Haftung f\u00fcr den Inhalt der verlinkten externen Websites.<\/p>\n\n\n\n<p>Zukunftsgerichtete Aussagen<br>Soweit diese Website zukunftsgerichtete Aussagen enth\u00e4lt, beruhen diese Aussagen auf Annahmen, die bekannten und unbekannten Risiken und Unsicherheiten unterliegen. Urban Mobility Systems B.V. \u00fcbernimmt keine Haftung in Bezug auf zukunftsgerichtete Aussagen und verpflichtet sich nicht, diese zu \u00fcberarbeiten.<\/p>\n\n\n\n<p>Kontakt<br>Bei Fragen zu diesem Haftungsausschluss wenden Sie sich bitte an: info@urbanmobilitysystems.nl<\/p>\n\n\n\n<p>Zuletzt aktualisiert: 17. Februar 2026<\/p>","protected":false},"excerpt":{"rendered":"<p>TrademarksAll trademarks, logos, and brand names displayed on this website are the property of their respective owners. The UMS name and logo are trademarks of Urban Mobility Systems B.V. unless stated otherwise. CopyrightAll rights reserved. Information, documents, images, and other materials published on this website, including the design of the website itself, are owned by [&hellip;]<\/p>\n","protected":false},"author":1,"featured_media":0,"parent":0,"menu_order":0,"comment_status":"closed","ping_status":"closed","template":"","meta":{"footnotes":""},"class_list":["post-3726","page","type-page","status-publish","hentry"],"_links":{"self":[{"href":"https:\/\/urbanmobilitysystems.nl\/de\/wp-json\/wp\/v2\/pages\/3726","targetHints":{"allow":["GET"]}}],"collection":[{"href":"https:\/\/urbanmobilitysystems.nl\/de\/wp-json\/wp\/v2\/pages"}],"about":[{"href":"https:\/\/urbanmobilitysystems.nl\/de\/wp-json\/wp\/v2\/types\/page"}],"author":[{"embeddable":true,"href":"https:\/\/urbanmobilitysystems.nl\/de\/wp-json\/wp\/v2\/users\/1"}],"replies":[{"embeddable":true,"href":"https:\/\/urbanmobilitysystems.nl\/de\/wp-json\/wp\/v2\/comments?post=3726"}],"version-history":[{"count":3,"href":"https:\/\/urbanmobilitysystems.nl\/de\/wp-json\/wp\/v2\/pages\/3726\/revisions"}],"predecessor-version":[{"id":4966,"href":"https:\/\/urbanmobilitysystems.nl\/de\/wp-json\/wp\/v2\/pages\/3726\/revisions\/4966"}],"wp:attachment":[{"href":"https:\/\/urbanmobilitysystems.nl\/de\/wp-json\/wp\/v2\/media?parent=3726"}],"curies":[{"name":"wp","href":"https:\/\/api.w.org\/{rel}","templated":true}]}}